{"id":2,"date":"2016-05-10T03:48:21","date_gmt":"2016-05-10T03:48:21","guid":{"rendered":"http:\/\/wp452m.a10-52-158-154.qa.plesk.ru\/wordpress\/?page_id=2"},"modified":"2023-01-12T08:54:52","modified_gmt":"2023-01-12T08:54:52","slug":"sample-page","status":"publish","type":"page","link":"https:\/\/musikzug-tg.de\/?page_id=2","title":{"rendered":"Termine"},"content":{"rendered":"<p><strong>2023<\/strong><\/p>\n<p>21.01&nbsp; Nachtumzug Lauffen<\/p>\n<p>22.01 Narrentreffen Dauchingen<\/p>\n<p>03.02&nbsp; Partynacht Neckart\u00e4le Waldhexen Dauchingen<\/p>\n<p>04.02&nbsp; Umzug Dauchingen Neckart\u00e4le Waldhexen<\/p>\n<p>12.02&nbsp; Umzug&nbsp; K\u00f6nigsfeld&nbsp; Rotwald Deifel<\/p>\n<p>16.02-21.02&nbsp; Fasnet<\/p>\n<p>24-25.06.&nbsp; Landesverbandstreffen&nbsp; in Reute<\/p>\n<p><\/p>\n<p><strong><span style=\"color: #000000;\">2020<\/span><\/strong><\/p>\n<p>04.01&nbsp; Jahresabschlu\u00df ( Interne Veranstaltung)<\/p>\n<p>01.02&nbsp; Gro\u00dfer Umzug in Weigheim<\/p>\n<p>07.02&nbsp;&nbsp; Umzug und Brauchtumsabend&nbsp; Biesingen<\/p>\n<p>21.02&nbsp; Sunthausen Brauchtumsabend<\/p>\n<p>22.02 Umzug&nbsp; 44 Jahre Hochemmingen<\/p>\n<p>&nbsp;&nbsp;&nbsp;&nbsp;&nbsp;&nbsp;&nbsp;&nbsp;&nbsp; anschliessend Struhlen<\/p>\n<p>24.02&nbsp; Umzug Bad D\u00fcrrheim<\/p>\n<p>25.02&nbsp; Umzug Deisslingen anschliessend Abschlu\u00dfessen<\/p>\n<p>28.03&nbsp; Mitgliederversammlung des Landesverband in Villingen<\/p>\n<p>11 \/ 12.07&nbsp; Landesverbandstreffen in Zell im Wiesental<\/p>\n<p><\/p>\n<p><strong>2019<\/strong><\/p>\n<p>02.02 Festumzug VS Weigheim<\/p>\n<p>16.02 Nachtumzug Dauchingen<\/p>\n<p>24.02 Eulenzunft Seelbach Umzug<\/p>\n<p>01.03 Sunthausen Brauchtumsabend<\/p>\n<p>02.03 Umzug Tuttlingen anschliessend Struhlen<\/p>\n<p>03.03 Wecken<\/p>\n<p>04.03 Umzug Bad D\u00fcrrheim<\/p>\n<p>05.03 Umzug Deisslingen anschliessend Abschlu\u00dfessen<\/p>\n<p>01-02. 06 Landesverbandstreffen in Essingen<\/p>\n<p><strong>2018&nbsp;&nbsp;&nbsp;&nbsp; 50 Jahre MZ TG<\/strong><\/p>\n<p>05. Januar Jahresabschlu\u00df ( Interne Veranstaltung)<\/p>\n<p>06. Januar &nbsp; Kappenabend Fetz\u00e4 B\u00e4tscher Vereinsheim<\/p>\n<p>26. Januar&nbsp; Umzug in Biesingen ( Bad D\u00fcrrheim)<\/p>\n<p>28. Januar&nbsp; Umzug in Marbach ( Villingen- Schwenningen)<\/p>\n<p>03. Februar&nbsp; Umzug in Weigheim&nbsp; ( Villingen- Schwenningen)<\/p>\n<p>09. Februar&nbsp; Abordnung&nbsp; Sunthausen&nbsp;&nbsp; K\u00f6tach Buur Zunftabend<\/p>\n<p>10. Februar&nbsp; Struhlen in der Stadt<\/p>\n<p>11. Februar&nbsp;&nbsp; 7.00 Uhr Wecken&nbsp; anschliessend &nbsp; Umzug in Hochemmingen<\/p>\n<p>12. Februar&nbsp; Umzug in Bad D\u00fcrrheim<\/p>\n<p>13. Februar Umzug in Durchhausen<\/p>\n<p>Fasnetsausklang<\/p>\n<p>09.-10. Juni&nbsp; Landesverbandstreffen in Nussplingen<\/p>\n<p><\/p>\n\n\n<p><\/p>\n","protected":false},"excerpt":{"rendered":"<p>2023 21.01&nbsp; Nachtumzug Lauffen 22.01 Narrentreffen Dauchingen 03.02&nbsp; Partynacht Neckart\u00e4le Waldhexen Dauchingen 04.02&nbsp; Umzug Dauchingen Neckart\u00e4le Waldhexen 12.02&nbsp; Umzug&nbsp; K\u00f6nigsfeld&nbsp; Rotwald Deifel 16.02-21.02&nbsp; Fasnet 24-25.06.&nbsp; Landesverbandstreffen&nbsp; in Reute 2020 04.01&nbsp; Jahresabschlu\u00df ( Interne Veranstaltung) 01.02&nbsp; Gro\u00dfer Umzug in Weigheim 07.02&nbsp;&nbsp; Umzug und Brauchtumsabend&nbsp; Biesingen 21.02&nbsp; Sunthausen Brauchtumsabend 22.02 Umzug&nbsp; 44 Jahre Hochemmingen &nbsp;&nbsp;&nbsp;&nbsp;&nbsp;&nbsp;&nbsp;&nbsp;&nbsp; anschliessend Struhlen <a class=\"read-more\" href=\"https:\/\/musikzug-tg.de\/?page_id=2\">Read More<\/a><\/p>\n","protected":false},"author":1,"featured_media":0,"parent":0,"menu_order":1,"comment_status":"closed","ping_status":"closed","template":"","meta":[],"_links":{"self":[{"href":"https:\/\/musikzug-tg.de\/index.php?rest_route=\/wp\/v2\/pages\/2"}],"collection":[{"href":"https:\/\/musikzug-tg.de\/index.php?rest_route=\/wp\/v2\/pages"}],"about":[{"href":"https:\/\/musikzug-tg.de\/index.php?rest_route=\/wp\/v2\/types\/page"}],"author":[{"embeddable":true,"href":"https:\/\/musikzug-tg.de\/index.php?rest_route=\/wp\/v2\/users\/1"}],"replies":[{"embeddable":true,"href":"https:\/\/musikzug-tg.de\/index.php?rest_route=%2Fwp%2Fv2%2Fcomments&post=2"}],"version-history":[{"count":12,"href":"https:\/\/musikzug-tg.de\/index.php?rest_route=\/wp\/v2\/pages\/2\/revisions"}],"predecessor-version":[{"id":447,"href":"https:\/\/musikzug-tg.de\/index.php?rest_route=\/wp\/v2\/pages\/2\/revisions\/447"}],"wp:attachment":[{"href":"https:\/\/musikzug-tg.de\/index.php?rest_route=%2Fwp%2Fv2%2Fmedia&parent=2"}],"curies":[{"name":"wp","href":"https:\/\/api.w.org\/{rel}","templated":true}]}}