{"id":228,"date":"2017-03-08T11:48:48","date_gmt":"2017-03-08T11:48:48","guid":{"rendered":"http:\/\/musikzug-tg.de\/?page_id=228"},"modified":"2017-03-08T11:48:48","modified_gmt":"2017-03-08T11:48:48","slug":"gaestebuch","status":"publish","type":"page","link":"http:\/\/musikzug-tg.de\/?page_id=228","title":{"rendered":"G\u00e4stebuch"},"content":{"rendered":"<div class=\"gwolle-gb\"><div class=\"gwolle_gb_messages_top_container\"><\/div>\n\t\t\t<div class=\"gwolle-gb-write-button\">\n\t\t\t\t<input type=\"button\" name=\"gwolle-gb-write-button\" class=\"button btn btn-default \" value=\"Neuen Eintrag schreiben\" \/>\n\t\t\t<\/div>\n\t\t\t<form action=\"#\" method=\"POST\" class=\"gwolle-gb-write gwolle-gb-hide gwolle-gb-float gwolle_gb_form_ajax gwolle-gb-form-ajax gwolle-gb-ajax gwolle-gb-not-logged-in\">\n\t\t\t\t<h3>Einen neuen Eintrag f\u00fcr das G\u00e4stebuch schreiben<\/h3>\n\t\t\t\t<button type=\"button\" class=\"gb-notice-dismiss\">x<span class=\"screen-reader-text\">Dieses Formular ausblenden<\/span><\/button>\n\t\t\t\n\t\t\t\t<input type=\"hidden\" name=\"gwolle_gb_function\" class=\"gwolle_gb_function\" value=\"add_entry\" \/><input type=\"hidden\" name=\"gwolle_gb_book_id\" class=\"gwolle_gb_book_id\" value=\"1\" \/><div class=\"gwolle_gb_666b51a836744a2b1012a498eb8bc38c\">\n\t\t\t\t<div class=\"label\"><label for=\"gwolle_gb_666b51a836744a2b1012a498eb8bc38c\" class=\"text-info\">Name *<\/label><\/div>\n\t\t\t\t<div class=\"input\"><input class=\"wp-exclude-emoji gwolle_gb_666b51a836744a2b1012a498eb8bc38c\" value=\"\" type=\"text\" name=\"gwolle_gb_666b51a836744a2b1012a498eb8bc38c\" required \/><\/div>\n\t\t\t\t<div class=\"clearBoth\">&nbsp;<\/div>\n\t\t\t<\/div><div class=\"gwolle_gb_d587332301e309ff9eb9b71ad6d7da32\">\n\t\t\t\t\t<div class=\"label\"><label for=\"gwolle_gb_d587332301e309ff9eb9b71ad6d7da32\" class=\"text-info\">Ort<\/label><\/div>\n\t\t\t\t\t<div class=\"input\"><input class=\"wp-exclude-emoji gwolle_gb_d587332301e309ff9eb9b71ad6d7da32\" value=\"\" type=\"text\" name=\"gwolle_gb_d587332301e309ff9eb9b71ad6d7da32\" \/><\/div>\n\t\t\t\t\t<div class=\"clearBoth\">&nbsp;<\/div>\n\t\t\t\t<\/div><div class=\"gwolle_gb_9597728eaf1a8d820052fa9a129d6131\">\n\t\t\t\t<div class=\"label\"><label for=\"gwolle_gb_9597728eaf1a8d820052fa9a129d6131\" class=\"text-info\">E-Mail *<\/label><\/div>\n\t\t\t\t<div class=\"input\"><input class=\"gwolle_gb_9597728eaf1a8d820052fa9a129d6131\" value=\"\" type=\"email\" name=\"gwolle_gb_9597728eaf1a8d820052fa9a129d6131\" required \/><\/div>\n\t\t\t\t<div class=\"clearBoth\">&nbsp;<\/div>\n\t\t\t<\/div><div class=\"gwolle_gb_6250b5fccf2052a9e034f0089a196729\">\n\t\t\t\t<div class=\"label\"><label for=\"gwolle_gb_6250b5fccf2052a9e034f0089a196729\" class=\"text-info\">Website<\/label><\/div>\n\t\t\t\t<div class=\"input\"><input class=\"gwolle_gb_6250b5fccf2052a9e034f0089a196729\" value=\"\" type=\"url\" name=\"gwolle_gb_6250b5fccf2052a9e034f0089a196729\" \/><\/div>\n\t\t\t\t<div class=\"clearBoth\">&nbsp;<\/div>\n\t\t\t<\/div>\n\t\t\t<div class=\"gwolle_gb_8de0e1b47c5e4f883d2ed204b334f8c7\" style=\"display:none;\">\n\t\t\t\t<div class=\"label\">\n\t\t\t\t\t<label for=\"gwolle_gb_8de0e1b47c5e4f883d2ed204b334f8c7\" class=\"text-primary\">Hier nichts eingeben<\/label>\n\t\t\t\t\t<label for=\"gwolle_gb_db7ccb068c6c41027c234ce43b5e908f\" class=\"text-primary\">Hier nichts eingeben<\/label>\n\t\t\t\t<\/div>\n\t\t\t\t<div class=\"input\">\n\t\t\t\t\t<input value=\"32\" type=\"text\" name=\"gwolle_gb_8de0e1b47c5e4f883d2ed204b334f8c7\" class=\"gwolle_gb_8de0e1b47c5e4f883d2ed204b334f8c7\" \/>\n\t\t\t\t\t<input value=\"\" type=\"text\" name=\"gwolle_gb_db7ccb068c6c41027c234ce43b5e908f\" class=\"gwolle_gb_db7ccb068c6c41027c234ce43b5e908f\" \/>\n\t\t\t\t<\/div>\n\t\t\t\t<div class=\"clearBoth\"><\/div>\n\t\t\t<\/div>\n\t\t\t<div class=\"gwolle_gb_425a115f97667085b046a33f55acd96c\" style=\"display:none;\">\n\t\t\t\t<div class=\"label\">\n\t\t\t\t\t<label for=\"gwolle_gb_425a115f97667085b046a33f55acd96c\" class=\"text-primary\">Hier nichts eingeben<\/label>\n\t\t\t\t\t<label for=\"gwolle_gb_30aa0902cf49a7a6916f54d04b2b12f0\" class=\"text-primary\">Hier nichts eingeben<\/label>\n\t\t\t\t<\/div>\n\t\t\t\t<div class=\"input\">\n\t\t\t\t\t<input value=\"30069\" type=\"text\" name=\"gwolle_gb_425a115f97667085b046a33f55acd96c\" class=\"gwolle_gb_425a115f97667085b046a33f55acd96c\" \/>\n\t\t\t\t\t<input value=\"30069\" type=\"text\" name=\"gwolle_gb_30aa0902cf49a7a6916f54d04b2b12f0\" class=\"gwolle_gb_30aa0902cf49a7a6916f54d04b2b12f0\" \/>\n\t\t\t\t<\/div>\n\t\t\t\t<div class=\"clearBoth\"><\/div>\n\t\t\t<\/div><div class=\"gwolle_gb_content\">\n\t\t\t\t<div class=\"label\"><label for=\"gwolle_gb_content\" class=\"text-info\">G\u00e4stebucheintrag *<\/label><\/div>\n\t\t\t\t<div class=\"input\"><textarea name=\"gwolle_gb_content\" class=\"gwolle_gb_content wp-exclude-emoji\" required ><\/textarea><\/div>\n\t\t\t\t\t<div class=\"clearBoth\">&nbsp;<\/div>\n\t\t\t\t<\/div><input type=\"hidden\" class=\"gwolle_gb_a4c169bf561735351221a01bef410fe3\" name=\"gwolle_gb_a4c169bf561735351221a01bef410fe3\" value=\"fcb75c6175\" \/>\n\t\t\t<div class=\"gwolle_gb_messages_bottom_container\"><\/div>\n\n\t\t\t<noscript><div class=\"no-js\">Warnung: Dieses Formular kann nur verwendet werden, wenn in deinem Browser JavaScript aktiviert ist.<\/div><\/noscript>\n\n\t\t\t<div class=\"gwolle_gb_submit\">\n\t\t\t\t<div class=\"label gwolle-gb-invisible text-muted\">&nbsp;<\/div>\n\t\t\t\t<div class=\"input\">\n\t\t\t\t\t<input type=\"submit\" name=\"gwolle_gb_submit\" class=\"gwolle_gb_submit button btn btn-primary \" value=\"Absenden\" \/>\n\t\t\t\t\t<span class=\"gwolle_gb_submit_ajax_icon\"><\/span>\n\t\t\t\n\t\t\t\t<\/div>\n\t\t\t\t<div class=\"clearBoth\">&nbsp;<\/div>\n\t\t\t<\/div>\n\n\t\t\t<div class=\"gwolle_gb_notice\">\n\t\t\t\tMit * gekennzeichnete Felder sind Pflichtfelder.<br \/>\r\nDie E-Mail-Adresse wird nicht ver\u00f6ffentlicht.<br \/>\r\nAus Sicherheitsgr\u00fcnden speichern wir die IP-Adresse 216.73.216.14.<br \/>\r\nEs k\u00f6nnte sein, dass der Eintrag im G\u00e4stebuch erst sichtbar ist, nachdem wir ihn gepr\u00fcft haben.<br \/>\r\nWir behalten uns das Recht vor, Eintr\u00e4ge zu bearbeiten, zu l\u00f6schen oder Eintr\u00e4ge nicht zu ver\u00f6ffentlichen.\n\t\t\t<\/div><\/form><div class=\"gwolle-gb-read gwolle-gb-ajax gwolle-gb-entries-list\" data-book_id=\"1\" data-page_id=\"1\">\n\t\t<div id=\"gwolle-gb-total\" class=\"gwolle-gb-total\">6 Eintr\u00e4ge<\/div><!-- Gwolle-GB Entry: Default Template Loaded -->\n\t\t\t\t<div class=\"gb-entry gb-entry_32 gb-entry-count_1 gwolle_gb_uneven gwolle-gb-uneven gwolle-gb-first\" data-entry_id=\"32\">\n\t\t\t\t<article>\n\t\t\t\t\t<div class=\"gb-author-info\">\n\t\t\t\t\t\t<span class=\"gb-author-avatar\"><img referrerpolicy=\"no-referrer\" alt='Chantal Klaiber' src='http:\/\/0.gravatar.com\/avatar\/fb61e4d079d1be645131b38f34068c9d?s=32&#038;d=mm&#038;r=g' srcset='http:\/\/0.gravatar.com\/avatar\/fb61e4d079d1be645131b38f34068c9d?s=64&#038;d=mm&#038;r=g 2x' class='avatar avatar-32 photo' height='32' width='32' loading='lazy' decoding='async'\/><\/span>\n\t\t\t\t\t\t<span class=\"gb-author-name\">Chantal Klaiber\n\t\t\t\t\t\t<\/span>\n\t\t\t\t\t\t<span class=\"gb-author-origin\">\n\t\t\t\t\t\t\t<span class=\"gb-author-origin-from-text\"> aus<\/span>\n\t\t\t\t\t\t\t<span class=\"gb-author-origin-text\"> Villingen - Schwenningen<\/span>\n\t\t\t\t\t\t<\/span>\n\t\t\t\t\t\t<span class=\"gb-datetime\">\n\t\t\t\t\t\t\t<span class=\"gb-date\"><span class=\"gb-date-wrote-text\"> schrieb am<\/span><span class=\"gb-date-text\"> Juni 3, 2019<\/span>\n\t\t\t\t\t\t\t<\/span><span class=\"gb-time\">\n\t\t\t\t\t\t\t\t\t<span class=\"gb-time-at-text\"> um<\/span>\n\t\t\t\t\t\t\t\t\t<span class=\"gb-time-text\"> 2:38 pm<\/span>\n\t\t\t\t\t\t\t\t<\/span>\n\t\t\t\t\t\t<\/span> \n\t\t\t\t\t<\/div>\n\t\t\t\t\t<div class=\"gb-entry-content\">Leider war ich am Wochenende nicht dabei aber durch Erz\u00e4hlungen und Bilder war es in Essingen sehr sch\u00f6n gewesen \ud83d\ude04\ud83d\ude1c\u270c\ufe0f\n\t\t\t\t\t<\/div>\n\t\t\t\t<\/article>\n\t\t\t<\/div>\n\t\t\t<div class=\"gb-entry gb-entry_31 gb-entry-count_2 gwolle_gb_even gwolle-gb-even\" data-entry_id=\"31\">\n\t\t\t\t<article>\n\t\t\t\t\t<div class=\"gb-author-info\">\n\t\t\t\t\t\t<span class=\"gb-author-avatar\"><img referrerpolicy=\"no-referrer\" alt='Klaus' src='http:\/\/0.gravatar.com\/avatar\/c316d36c11aadbc8c1bff91483ced564?s=32&#038;d=mm&#038;r=g' srcset='http:\/\/0.gravatar.com\/avatar\/c316d36c11aadbc8c1bff91483ced564?s=64&#038;d=mm&#038;r=g 2x' class='avatar avatar-32 photo' height='32' width='32' loading='lazy' decoding='async'\/><\/span>\n\t\t\t\t\t\t<span class=\"gb-author-name\">Klaus\n\t\t\t\t\t\t<\/span>\n\t\t\t\t\t\t<span class=\"gb-author-origin\">\n\t\t\t\t\t\t\t<span class=\"gb-author-origin-from-text\"> aus<\/span>\n\t\t\t\t\t\t\t<span class=\"gb-author-origin-text\"> Bad D\u00fcrrheim<\/span>\n\t\t\t\t\t\t<\/span>\n\t\t\t\t\t\t<span class=\"gb-datetime\">\n\t\t\t\t\t\t\t<span class=\"gb-date\"><span class=\"gb-date-wrote-text\"> schrieb am<\/span><span class=\"gb-date-text\"> M\u00e4rz 13, 2019<\/span>\n\t\t\t\t\t\t\t<\/span><span class=\"gb-time\">\n\t\t\t\t\t\t\t\t\t<span class=\"gb-time-at-text\"> um<\/span>\n\t\t\t\t\t\t\t\t\t<span class=\"gb-time-text\"> 10:35 am<\/span>\n\t\t\t\t\t\t\t\t<\/span>\n\t\t\t\t\t\t<\/span> \n\t\t\t\t\t<\/div>\n\t\t\t\t\t<div class=\"gb-entry-content\">Hallo Ihr Lieben, \n\nich danke Euch f\u00fcr die sch\u00f6ne Fasnet 2019. Es war richtig sch\u00f6n und abwechslungsreich.\nWir sehen uns bis bald. Lg Klaus\n\t\t\t\t\t<\/div>\n\t\t\t\t<\/article>\n\t\t\t<\/div>\n\t\t\t<div class=\"gb-entry gb-entry_30 gb-entry-count_3 gwolle_gb_uneven gwolle-gb-uneven admin-entry\" data-entry_id=\"30\">\n\t\t\t\t<article>\n\t\t\t\t\t<div class=\"gb-author-info\">\n\t\t\t\t\t\t<span class=\"gb-author-avatar\"><img referrerpolicy=\"no-referrer\" alt='Chef' src='http:\/\/2.gravatar.com\/avatar\/e57856d7feb2329db85ceb747e9d37f7?s=32&#038;d=mm&#038;r=g' srcset='http:\/\/2.gravatar.com\/avatar\/e57856d7feb2329db85ceb747e9d37f7?s=64&#038;d=mm&#038;r=g 2x' class='avatar avatar-32 photo' height='32' width='32' loading='lazy' decoding='async'\/><\/span>\n\t\t\t\t\t\t<span class=\"gb-author-name\"><i class=\"gb-moderator\">Chef<\/i>\n\t\t\t\t\t\t<\/span>\n\t\t\t\t\t\t<span class=\"gb-datetime\">\n\t\t\t\t\t\t\t<span class=\"gb-date\"><span class=\"gb-date-wrote-text\"> schrieb am<\/span><span class=\"gb-date-text\"> September 11, 2018<\/span>\n\t\t\t\t\t\t\t<\/span><span class=\"gb-time\">\n\t\t\t\t\t\t\t\t\t<span class=\"gb-time-at-text\"> um<\/span>\n\t\t\t\t\t\t\t\t\t<span class=\"gb-time-text\"> 2:07 pm<\/span>\n\t\t\t\t\t\t\t\t<\/span>\n\t\t\t\t\t\t<\/span> \n\t\t\t\t\t<\/div>\n\t\t\t\t\t<div class=\"gb-entry-content\">Sommerpause beendet. Ab dem 13.09 gehts wieder los.\nGru\u00df der Chef\n\t\t\t\t\t<\/div>\n\t\t\t\t<\/article>\n\t\t\t<\/div>\n\t\t\t<div class=\"gb-entry gb-entry_29 gb-entry-count_4 gwolle_gb_even gwolle-gb-even\" data-entry_id=\"29\">\n\t\t\t\t<article>\n\t\t\t\t\t<div class=\"gb-author-info\">\n\t\t\t\t\t\t<span class=\"gb-author-avatar\"><img referrerpolicy=\"no-referrer\" alt='Sarah' src='http:\/\/2.gravatar.com\/avatar\/2eff758c816a142bc7a28fe48736266b?s=32&#038;d=mm&#038;r=g' srcset='http:\/\/2.gravatar.com\/avatar\/2eff758c816a142bc7a28fe48736266b?s=64&#038;d=mm&#038;r=g 2x' class='avatar avatar-32 photo' height='32' width='32' loading='lazy' decoding='async'\/><\/span>\n\t\t\t\t\t\t<span class=\"gb-author-name\">Sarah\n\t\t\t\t\t\t<\/span>\n\t\t\t\t\t\t<span class=\"gb-author-origin\">\n\t\t\t\t\t\t\t<span class=\"gb-author-origin-from-text\"> aus<\/span>\n\t\t\t\t\t\t\t<span class=\"gb-author-origin-text\"> Bad D\u00fcrrheim<\/span>\n\t\t\t\t\t\t<\/span>\n\t\t\t\t\t\t<span class=\"gb-datetime\">\n\t\t\t\t\t\t\t<span class=\"gb-date\"><span class=\"gb-date-wrote-text\"> schrieb am<\/span><span class=\"gb-date-text\"> November 19, 2017<\/span>\n\t\t\t\t\t\t\t<\/span><span class=\"gb-time\">\n\t\t\t\t\t\t\t\t\t<span class=\"gb-time-at-text\"> um<\/span>\n\t\t\t\t\t\t\t\t\t<span class=\"gb-time-text\"> 9:31 am<\/span>\n\t\t\t\t\t\t\t\t<\/span>\n\t\t\t\t\t\t<\/span> \n\t\t\t\t\t<\/div>\n\t\t\t\t\t<div class=\"gb-entry-content\">Hall\u00f6le, ich wollte einfach mal sagen das ihr super tolle Leute seit mit denen man viel Spa\u00df haben kann. Ich hoffe wir werden noch viele neue Sachen erleben. Es lohnt sich  auch f\u00fcr andere einfach mal vorbei zu kommen \ud83d\ude42\n#PapaHorst\n\t\t\t\t\t<\/div>\n\t\t\t\t<\/article>\n\t\t\t<\/div>\n\t\t\t<div class=\"gb-entry gb-entry_4 gb-entry-count_5 gwolle_gb_uneven gwolle-gb-uneven\" data-entry_id=\"4\">\n\t\t\t\t<article>\n\t\t\t\t\t<div class=\"gb-author-info\">\n\t\t\t\t\t\t<span class=\"gb-author-avatar\"><img referrerpolicy=\"no-referrer\" alt='Gabriele Gohs' src='http:\/\/1.gravatar.com\/avatar\/4909620aa24438bd20744a7209279ec3?s=32&#038;d=mm&#038;r=g' srcset='http:\/\/1.gravatar.com\/avatar\/4909620aa24438bd20744a7209279ec3?s=64&#038;d=mm&#038;r=g 2x' class='avatar avatar-32 photo' height='32' width='32' loading='lazy' decoding='async'\/><\/span>\n\t\t\t\t\t\t<span class=\"gb-author-name\">Gabriele Gohs\n\t\t\t\t\t\t<\/span>\n\t\t\t\t\t\t<span class=\"gb-datetime\">\n\t\t\t\t\t\t\t<span class=\"gb-date\"><span class=\"gb-date-wrote-text\"> schrieb am<\/span><span class=\"gb-date-text\"> April 24, 2017<\/span>\n\t\t\t\t\t\t\t<\/span><span class=\"gb-time\">\n\t\t\t\t\t\t\t\t\t<span class=\"gb-time-at-text\"> um<\/span>\n\t\t\t\t\t\t\t\t\t<span class=\"gb-time-text\"> 11:30 am<\/span>\n\t\t\t\t\t\t\t\t<\/span>\n\t\t\t\t\t\t<\/span> \n\t\t\t\t\t<\/div>\n\t\t\t\t\t<div class=\"gb-entry-content\">Hall\u00f6le Zusammen, so unser Probewochenende haben wir hinter uns gebracht. War wieder ein super sch\u00f6nes Wochenende, mit viel Spielen, viel lachen und gem\u00fctlich beisammen sitzen. Toll war\u00b4s. Gr\u00fc\u00dfle Gabi\n\t\t\t\t\t<\/div>\n\t\t\t\t<\/article>\n\t\t\t<\/div>\n\t\t\t<div class=\"gb-entry gb-entry_3 gb-entry-count_6 gwolle_gb_even gwolle-gb-even admin-entry\" data-entry_id=\"3\">\n\t\t\t\t<article>\n\t\t\t\t\t<div class=\"gb-author-info\">\n\t\t\t\t\t\t<span class=\"gb-author-avatar\"><img referrerpolicy=\"no-referrer\" alt='Musikzug TGS' src='http:\/\/2.gravatar.com\/avatar\/e57856d7feb2329db85ceb747e9d37f7?s=32&#038;d=mm&#038;r=g' srcset='http:\/\/2.gravatar.com\/avatar\/e57856d7feb2329db85ceb747e9d37f7?s=64&#038;d=mm&#038;r=g 2x' class='avatar avatar-32 photo' height='32' width='32' loading='lazy' decoding='async'\/><\/span>\n\t\t\t\t\t\t<span class=\"gb-author-name\"><i class=\"gb-moderator\">Musikzug TGS<\/i>\n\t\t\t\t\t\t<\/span>\n\t\t\t\t\t\t<span class=\"gb-datetime\">\n\t\t\t\t\t\t\t<span class=\"gb-date\"><span class=\"gb-date-wrote-text\"> schrieb am<\/span><span class=\"gb-date-text\"> M\u00e4rz 8, 2017<\/span>\n\t\t\t\t\t\t\t<\/span><span class=\"gb-time\">\n\t\t\t\t\t\t\t\t\t<span class=\"gb-time-at-text\"> um<\/span>\n\t\t\t\t\t\t\t\t\t<span class=\"gb-time-text\"> 11:48 am<\/span>\n\t\t\t\t\t\t\t\t<\/span>\n\t\t\t\t\t\t<\/span> \n\t\t\t\t\t<\/div>\n\t\t\t\t\t<div class=\"gb-entry-content\">Schee war,s wieder\n\t\t\t\t\t<\/div>\n\t\t\t\t<\/article>\n\t\t\t<\/div>\n\t\t\t<\/div><\/div>\n","protected":false},"excerpt":{"rendered":"","protected":false},"author":1,"featured_media":0,"parent":0,"menu_order":0,"comment_status":"closed","ping_status":"closed","template":"","meta":[],"_links":{"self":[{"href":"http:\/\/musikzug-tg.de\/index.php?rest_route=\/wp\/v2\/pages\/228"}],"collection":[{"href":"http:\/\/musikzug-tg.de\/index.php?rest_route=\/wp\/v2\/pages"}],"about":[{"href":"http:\/\/musikzug-tg.de\/index.php?rest_route=\/wp\/v2\/types\/page"}],"author":[{"embeddable":true,"href":"http:\/\/musikzug-tg.de\/index.php?rest_route=\/wp\/v2\/users\/1"}],"replies":[{"embeddable":true,"href":"http:\/\/musikzug-tg.de\/index.php?rest_route=%2Fwp%2Fv2%2Fcomments&post=228"}],"version-history":[{"count":1,"href":"http:\/\/musikzug-tg.de\/index.php?rest_route=\/wp\/v2\/pages\/228\/revisions"}],"predecessor-version":[{"id":229,"href":"http:\/\/musikzug-tg.de\/index.php?rest_route=\/wp\/v2\/pages\/228\/revisions\/229"}],"wp:attachment":[{"href":"http:\/\/musikzug-tg.de\/index.php?rest_route=%2Fwp%2Fv2%2Fmedia&parent=228"}],"curies":[{"name":"wp","href":"https:\/\/api.w.org\/{rel}","templated":true}]}}